{"id":41,"date":"2026-03-27T13:13:08","date_gmt":"2026-03-27T12:13:08","guid":{"rendered":"https:\/\/alhambra.app\/podcast\/?page_id=41"},"modified":"2026-03-27T18:03:11","modified_gmt":"2026-03-27T17:03:11","slug":"inicio","status":"publish","type":"page","link":"https:\/\/alhambra.app\/podcast\/pt\/","title":{"rendered":"Inicio"},"content":{"rendered":"<style>\n    #custom-video-container {\n        position: relative;\n        height: 100vh;\n        top: 0;\n        left: 0;\n        width: 100% !important;\n        overflow: hidden;\n        z-index: 1;\n    }\n\n    #custom-video {\n        width: 100%;\n        height: 100%;\n        object-fit: cover;\n        opacity: 0.9;\n    }\n\n    .gradient-overlay {\n        position: absolute;\n        bottom: 0;\n        left: 0;\n        width: 100%;\n        height: 75%;\n        pointer-events: none;\n        z-index: 1;\n        background: linear-gradient(to bottom, \n            rgba(255, 255, 255, 0),\n            rgba(255, 255, 255, 0.1),\n            rgba(255, 255, 255, 0.3),\n            rgba(255, 255, 255, 0.5),\n            rgba(255, 255, 255, 0.7),\n            rgba(255, 255, 255, 0.9),\n            rgba(255, 255, 255, 1)\n        );\n    }\n\n    .dark .gradient-overlay {\n        background: linear-gradient(to bottom,\n            rgba(23, 23, 25, 0),\n            rgba(23, 23, 25, 0.3),\n            rgba(23, 23, 25, 0.5),\n            rgba(23, 23, 25, 0.7),\n            rgba(23, 23, 25, 0.85),\n            rgba(23, 23, 25, 0.95),\n            rgb(23, 23, 25)\n        );\n    }\n\n.overlay-content {\n    position: absolute;\n    top: 50%;\n    left: 50%;\n    transform: translate(-50%, -50%);\n    width: 100%;\n    z-index: 10;\n    display: flex;\n    flex-direction: column;\n    align-items: center;\n    text-align: center;\n    padding: 4rem 1rem;\n    color: white;\n    text-shadow: 0 0 6px #000;\n    font-family: 'Poppins', sans-serif;\n    box-sizing: border-box;\n}\n\n\n    .overlay-content h1 {\n        font-size: 3rem;\n        margin-bottom: 1rem;\n        text-shadow:\n            -1px -1px 0 #000,  \n             1px -1px 0 #000,\n            -1px  1px 0 #000,\n             1px  1px 0 #000;\n    }\n\n    .overlay-content p {\n        font-size: 1.1rem;\n        max-width: 580px;\n        margin-bottom: 2rem;\n        line-height: 1.6;\n        text-shadow:\n            -1px -1px 0 #000,  \n             1px -1px 0 #000,\n            -1px  1px 0 #000,\n             1px  1px 0 #000;\n    }\n\n    #continuar-btn {\n        display: inline-flex;\n        align-items: center;\n        justify-content: center;\n        padding: 10px 20px;\n        font-size: 1rem;\n        font-weight: 600;\n        border-radius: 8px;\n        background-color: var(--color-primary) !important;\n        color: white;\n        border: none;\n        cursor: pointer;\n        min-width: 200px;\n        text-align: center;\n    }\n\n    #continuar-btn:hover {\n        background-color: #A0522D;\n    }\n\n    @media (max-width: 768px) {\n        .overlay-content h1 {\n            font-size: 2rem;\n        }\n        .overlay-content p {\n            font-size: 1rem;\n            padding: 0 0.5rem;\n        }\n    }\n\n            .error-404-button {\n            background-color: var(--color-primary) !important;\n            color: #fff;\n            border: none;\n            padding: 10px 50px;\n            font-size: 1em;\n            border-radius: 5px;\n            cursor: pointer;\n            transition: background-color 0.3s ease;\n            font-weight: 700;\n        }\n\n\n\n            .error-404-button:hover {\n            background-color: #e74c3c;\n        }\n\n\n    <\/style>\n\n    <div id=\"custom-video-container\">\n        <video id=\"custom-video\" autoplay muted playsinline loop disableremoteplayback>\n            <source src=\"https:\/\/cdn.alhambra.app\/General\/Proximamente\/03.mp4\" type=\"video\/mp4\">\n            Seu navegador n\u00e3o suporta a reprodu\u00e7\u00e3o de v\u00eddeo.\n        <\/video>\n        <div class=\"gradient-overlay\"><\/div>\n\n        <div class=\"overlay-content\">\n            <h1>Breve<\/h1>\n            <p>Um novo espa\u00e7o abrir\u00e1 suas portas em breve. Estamos trabalhando para enriquecer sua experi\u00eancia e oferecer conte\u00fado \u00fanico e m\u00e1gico.<\/p>\n            <button class=\"error-404-button\" onclick=\"history.back()\">Retornar<\/button>\n        <\/div>\n    <\/div>","protected":false},"excerpt":{"rendered":"","protected":false},"author":1,"featured_media":0,"parent":0,"menu_order":0,"comment_status":"closed","ping_status":"closed","template":"","meta":{"_acf_changed":false,"footnotes":""},"class_list":["post-41","page","type-page","status-publish","hentry","entry"],"acf":[],"_links":{"self":[{"href":"https:\/\/alhambra.app\/podcast\/pt\/wp-json\/wp\/v2\/pages\/41","targetHints":{"allow":["GET"]}}],"collection":[{"href":"https:\/\/alhambra.app\/podcast\/pt\/wp-json\/wp\/v2\/pages"}],"about":[{"href":"https:\/\/alhambra.app\/podcast\/pt\/wp-json\/wp\/v2\/types\/page"}],"author":[{"embeddable":true,"href":"https:\/\/alhambra.app\/podcast\/pt\/wp-json\/wp\/v2\/users\/1"}],"replies":[{"embeddable":true,"href":"https:\/\/alhambra.app\/podcast\/pt\/wp-json\/wp\/v2\/comments?post=41"}],"version-history":[{"count":0,"href":"https:\/\/alhambra.app\/podcast\/pt\/wp-json\/wp\/v2\/pages\/41\/revisions"}],"wp:attachment":[{"href":"https:\/\/alhambra.app\/podcast\/pt\/wp-json\/wp\/v2\/media?parent=41"}],"curies":[{"name":"wp","href":"https:\/\/api.w.org\/{rel}","templated":true}]}}